{"id":1835,"date":"2024-04-23T18:26:06","date_gmt":"2024-04-23T18:26:06","guid":{"rendered":"https:\/\/solution-pro.de\/?page_id=1835"},"modified":"2024-04-23T18:26:08","modified_gmt":"2024-04-23T18:26:08","slug":"disclaimer","status":"publish","type":"page","link":"https:\/\/solution-pro.de\/index.php\/disclaimer\/","title":{"rendered":"Disclaimer"},"content":{"rendered":"\n<p>Solution Pro GmbH \u00fcberpr\u00fcft nicht den Inhalt von Bewertungen und bietet keine\u00a0<strong>rechtliche Beratung<\/strong>\u00a0an. Wie bereits unter Punkt 1 (Umfang) beschrieben, besteht unsere Dienstleistung darin, Ihre Beschwerde als reine Vermittlungsleistung an das Bewertungsportal weiterzuleiten, mit dem Ziel, die Authentizit\u00e4t der Bewertung zu \u00fcberpr\u00fcfen. Das Bewertungsportal leitet dann das Pr\u00fcfverfahren ein und trifft eigenst\u00e4ndig eine Entscheidung \u00fcber die L\u00f6schung einer Bewertung. Wenn Sie rechtliche Beratung ben\u00f6tigen oder rechtliche M\u00f6glichkeiten in Betracht ziehen m\u00f6chten, empfehlen wir Ihnen, sich an einen zugelassenen Anwalt zu wenden.<\/p>\n","protected":false},"excerpt":{"rendered":"<p>Solution Pro GmbH \u00fcberpr\u00fcft nicht den Inhalt von Bewertungen und bietet keine\u00a0rechtliche Beratung\u00a0an. Wie bereits unter Punkt 1 (Umfang) beschrieben, besteht unsere [&hellip;]<\/p>\n","protected":false},"author":1,"featured_media":0,"parent":0,"menu_order":0,"comment_status":"closed","ping_status":"closed","template":"","meta":{"footnotes":""},"class_list":["post-1835","page","type-page","status-publish","hentry"],"_links":{"self":[{"href":"https:\/\/solution-pro.de\/index.php\/wp-json\/wp\/v2\/pages\/1835","targetHints":{"allow":["GET"]}}],"collection":[{"href":"https:\/\/solution-pro.de\/index.php\/wp-json\/wp\/v2\/pages"}],"about":[{"href":"https:\/\/solution-pro.de\/index.php\/wp-json\/wp\/v2\/types\/page"}],"author":[{"embeddable":true,"href":"https:\/\/solution-pro.de\/index.php\/wp-json\/wp\/v2\/users\/1"}],"replies":[{"embeddable":true,"href":"https:\/\/solution-pro.de\/index.php\/wp-json\/wp\/v2\/comments?post=1835"}],"version-history":[{"count":1,"href":"https:\/\/solution-pro.de\/index.php\/wp-json\/wp\/v2\/pages\/1835\/revisions"}],"predecessor-version":[{"id":1836,"href":"https:\/\/solution-pro.de\/index.php\/wp-json\/wp\/v2\/pages\/1835\/revisions\/1836"}],"wp:attachment":[{"href":"https:\/\/solution-pro.de\/index.php\/wp-json\/wp\/v2\/media?parent=1835"}],"curies":[{"name":"wp","href":"https:\/\/api.w.org\/{rel}","templated":true}]}}